{"id":2,"date":"2024-05-15T16:59:01","date_gmt":"2024-05-15T16:59:01","guid":{"rendered":"https:\/\/huantajayaproducciones.cl\/?page_id=2"},"modified":"2024-07-18T02:24:57","modified_gmt":"2024-07-18T02:24:57","slug":"servicios-2","status":"publish","type":"page","link":"https:\/\/huantajayaproducciones.cl\/index.php\/inicio\/servicios-2\/","title":{"rendered":"SERVICIOS"},"content":{"rendered":"\t\t<div data-elementor-type=\"wp-page\" data-elementor-id=\"2\" class=\"elementor elementor-2\">\n\t\t\t\t<div class=\"elementor-element elementor-element-6e42e0a e-grid e-con-boxed e-con e-parent\" data-id=\"6e42e0a\" data-element_type=\"container\" data-e-type=\"container\">\n\t\t\t\t\t<div class=\"e-con-inner\">\n\t\t\t\t<div class=\"elementor-element elementor-element-bbf63ee elementor-position-top elementor-widget elementor-widget-image-box\" data-id=\"bbf63ee\" data-element_type=\"widget\" data-e-type=\"widget\" data-widget_type=\"image-box.default\">\n\t\t\t\t<div class=\"elementor-widget-container\">\n\t\t\t\t\t<div class=\"elementor-image-box-wrapper\"><figure class=\"elementor-image-box-img\"><img fetchpriority=\"high\" decoding=\"async\" width=\"768\" height=\"768\" src=\"https:\/\/huantajayaproducciones.cl\/wp-content\/uploads\/2024\/06\/DISENO-SERVICIOS_Mesa-de-trabajo-1-768x768.png\" class=\"attachment-medium_large size-medium_large wp-image-343\" alt=\"\" srcset=\"https:\/\/huantajayaproducciones.cl\/wp-content\/uploads\/2024\/06\/DISENO-SERVICIOS_Mesa-de-trabajo-1-768x768.png 768w, https:\/\/huantajayaproducciones.cl\/wp-content\/uploads\/2024\/06\/DISENO-SERVICIOS_Mesa-de-trabajo-1-300x300.png 300w, https:\/\/huantajayaproducciones.cl\/wp-content\/uploads\/2024\/06\/DISENO-SERVICIOS_Mesa-de-trabajo-1-1024x1024.png 1024w, https:\/\/huantajayaproducciones.cl\/wp-content\/uploads\/2024\/06\/DISENO-SERVICIOS_Mesa-de-trabajo-1-150x150.png 150w, https:\/\/huantajayaproducciones.cl\/wp-content\/uploads\/2024\/06\/DISENO-SERVICIOS_Mesa-de-trabajo-1.png 1080w\" sizes=\"(max-width: 768px) 100vw, 768px\" \/><\/figure><div class=\"elementor-image-box-content\"><p class=\"elementor-image-box-description\">Ya sea que necesites registrar tu evento, o una sesi\u00f3n de fotos de tus productos, nosotros podemos ayudarte. Hacemos sesiones de estudio o en exterior, fotograf\u00eda gastron\u00f3mica y tur\u00edstica, registro de eventos y m\u00e1s.<\/p><\/div><\/div>\t\t\t\t<\/div>\n\t\t\t\t<\/div>\n\t\t\t\t<div class=\"elementor-element elementor-element-618d051 elementor-position-top elementor-widget elementor-widget-image-box\" data-id=\"618d051\" data-element_type=\"widget\" data-e-type=\"widget\" data-widget_type=\"image-box.default\">\n\t\t\t\t<div class=\"elementor-widget-container\">\n\t\t\t\t\t<div class=\"elementor-image-box-wrapper\"><figure class=\"elementor-image-box-img\"><img decoding=\"async\" width=\"1080\" height=\"1080\" src=\"https:\/\/huantajayaproducciones.cl\/wp-content\/uploads\/2024\/06\/DISENO-SERVICIOS_Mesa-de-trabajo-1-copia.png\" class=\"attachment-full size-full wp-image-342\" alt=\"\" srcset=\"https:\/\/huantajayaproducciones.cl\/wp-content\/uploads\/2024\/06\/DISENO-SERVICIOS_Mesa-de-trabajo-1-copia.png 1080w, https:\/\/huantajayaproducciones.cl\/wp-content\/uploads\/2024\/06\/DISENO-SERVICIOS_Mesa-de-trabajo-1-copia-300x300.png 300w, https:\/\/huantajayaproducciones.cl\/wp-content\/uploads\/2024\/06\/DISENO-SERVICIOS_Mesa-de-trabajo-1-copia-1024x1024.png 1024w, https:\/\/huantajayaproducciones.cl\/wp-content\/uploads\/2024\/06\/DISENO-SERVICIOS_Mesa-de-trabajo-1-copia-150x150.png 150w, https:\/\/huantajayaproducciones.cl\/wp-content\/uploads\/2024\/06\/DISENO-SERVICIOS_Mesa-de-trabajo-1-copia-768x768.png 768w\" sizes=\"(max-width: 1080px) 100vw, 1080px\" \/><\/figure><div class=\"elementor-image-box-content\"><p class=\"elementor-image-box-description\">Realizamos tu video en todas sus etapas, desde la idea inicial, el gui\u00f3n, la producci\u00f3n, hasta el rodaje en locaci\u00f3n, y la edici\u00f3n final del video y el sonido. Ya sea publicidad, registro documental, videos para tus redes, videoclips, cortometrajes o televisi\u00f3n, nosotros nos encargamos de llevar tu idea a la pantalla.<\/p><\/div><\/div>\t\t\t\t<\/div>\n\t\t\t\t<\/div>\n\t\t\t\t<div class=\"elementor-element elementor-element-839f15c elementor-position-top elementor-widget elementor-widget-image-box\" data-id=\"839f15c\" data-element_type=\"widget\" data-e-type=\"widget\" data-widget_type=\"image-box.default\">\n\t\t\t\t<div class=\"elementor-widget-container\">\n\t\t\t\t\t<div class=\"elementor-image-box-wrapper\"><figure class=\"elementor-image-box-img\"><img decoding=\"async\" width=\"1080\" height=\"1080\" src=\"https:\/\/huantajayaproducciones.cl\/wp-content\/uploads\/2024\/06\/DISENO-SERVICIOS_Mesa-de-trabajo-1-copia-2.png\" class=\"attachment-full size-full wp-image-340\" alt=\"\" srcset=\"https:\/\/huantajayaproducciones.cl\/wp-content\/uploads\/2024\/06\/DISENO-SERVICIOS_Mesa-de-trabajo-1-copia-2.png 1080w, https:\/\/huantajayaproducciones.cl\/wp-content\/uploads\/2024\/06\/DISENO-SERVICIOS_Mesa-de-trabajo-1-copia-2-300x300.png 300w, https:\/\/huantajayaproducciones.cl\/wp-content\/uploads\/2024\/06\/DISENO-SERVICIOS_Mesa-de-trabajo-1-copia-2-1024x1024.png 1024w, https:\/\/huantajayaproducciones.cl\/wp-content\/uploads\/2024\/06\/DISENO-SERVICIOS_Mesa-de-trabajo-1-copia-2-150x150.png 150w, https:\/\/huantajayaproducciones.cl\/wp-content\/uploads\/2024\/06\/DISENO-SERVICIOS_Mesa-de-trabajo-1-copia-2-768x768.png 768w\" sizes=\"(max-width: 1080px) 100vw, 1080px\" \/><\/figure><div class=\"elementor-image-box-content\"><p class=\"elementor-image-box-description\">\u00bfNecesitas producci\u00f3n local para tu rodaje? Conocemos la regi\u00f3n de norte a sur y de este a oeste. Podemos hacer scouting para encontrar la mejor locaci\u00f3n para tu proyecto, gestionar la log\u00edstica y levantar un casting con los mejores talentos de Tarapac\u00e1.<\/p><\/div><\/div>\t\t\t\t<\/div>\n\t\t\t\t<\/div>\n\t\t\t\t<div class=\"elementor-element elementor-element-97b7802 elementor-position-top elementor-widget elementor-widget-image-box\" data-id=\"97b7802\" data-element_type=\"widget\" data-e-type=\"widget\" data-widget_type=\"image-box.default\">\n\t\t\t\t<div class=\"elementor-widget-container\">\n\t\t\t\t\t<div class=\"elementor-image-box-wrapper\"><figure class=\"elementor-image-box-img\"><img loading=\"lazy\" decoding=\"async\" width=\"1080\" height=\"1080\" src=\"https:\/\/huantajayaproducciones.cl\/wp-content\/uploads\/2024\/06\/DISENO-SERVICIOS_Mesa-de-trabajo-1-copia-3.png\" class=\"attachment-full size-full wp-image-341\" alt=\"\" srcset=\"https:\/\/huantajayaproducciones.cl\/wp-content\/uploads\/2024\/06\/DISENO-SERVICIOS_Mesa-de-trabajo-1-copia-3.png 1080w, https:\/\/huantajayaproducciones.cl\/wp-content\/uploads\/2024\/06\/DISENO-SERVICIOS_Mesa-de-trabajo-1-copia-3-300x300.png 300w, https:\/\/huantajayaproducciones.cl\/wp-content\/uploads\/2024\/06\/DISENO-SERVICIOS_Mesa-de-trabajo-1-copia-3-1024x1024.png 1024w, https:\/\/huantajayaproducciones.cl\/wp-content\/uploads\/2024\/06\/DISENO-SERVICIOS_Mesa-de-trabajo-1-copia-3-150x150.png 150w, https:\/\/huantajayaproducciones.cl\/wp-content\/uploads\/2024\/06\/DISENO-SERVICIOS_Mesa-de-trabajo-1-copia-3-768x768.png 768w\" sizes=\"(max-width: 1080px) 100vw, 1080px\" \/><\/figure><div class=\"elementor-image-box-content\"><p class=\"elementor-image-box-description\">Realizamos producci\u00f3n musical para cine, audiovisuales, radio, publicidad y podcast. Consigue tu propia m\u00fasica original, acorde a la identidad de tu proyecto, creativa y de calidad sonora.<\/p><\/div><\/div>\t\t\t\t<\/div>\n\t\t\t\t<\/div>\n\t\t\t\t\t<\/div>\n\t\t\t\t<\/div>\n\t\t<div class=\"elementor-element elementor-element-382c34b e-flex e-con-boxed e-con e-parent\" data-id=\"382c34b\" data-element_type=\"container\" data-e-type=\"container\">\n\t\t\t\t\t<div class=\"e-con-inner\">\n\t\t\t\t<div class=\"elementor-element elementor-element-f923521 elementor-button-info elementor-align-center e-transform e-transform elementor-widget elementor-widget-button\" data-id=\"f923521\" data-element_type=\"widget\" data-e-type=\"widget\" data-settings=\"{&quot;_transform_scale_effect_hover&quot;:{&quot;unit&quot;:&quot;px&quot;,&quot;size&quot;:1.1999999999999999555910790149937383830547332763671875,&quot;sizes&quot;:[]},&quot;_transform_scale_effect&quot;:{&quot;unit&quot;:&quot;px&quot;,&quot;size&quot;:&quot;&quot;,&quot;sizes&quot;:[]},&quot;_transform_scale_effect_tablet&quot;:{&quot;unit&quot;:&quot;px&quot;,&quot;size&quot;:&quot;&quot;,&quot;sizes&quot;:[]},&quot;_transform_scale_effect_mobile&quot;:{&quot;unit&quot;:&quot;px&quot;,&quot;size&quot;:&quot;&quot;,&quot;sizes&quot;:[]},&quot;_transform_scale_effect_hover_tablet&quot;:{&quot;unit&quot;:&quot;px&quot;,&quot;size&quot;:&quot;&quot;,&quot;sizes&quot;:[]},&quot;_transform_scale_effect_hover_mobile&quot;:{&quot;unit&quot;:&quot;px&quot;,&quot;size&quot;:&quot;&quot;,&quot;sizes&quot;:[]}}\" data-widget_type=\"button.default\">\n\t\t\t\t<div class=\"elementor-widget-container\">\n\t\t\t\t\t\t\t\t\t<div class=\"elementor-button-wrapper\">\n\t\t\t\t\t<a class=\"elementor-button elementor-button-link elementor-size-sm\" href=\"https:\/\/forms.gle\/TTUchKscek2NzWYh6\" target=\"_blank\">\n\t\t\t\t\t\t<span class=\"elementor-button-content-wrapper\">\n\t\t\t\t\t\t\t\t\t<span class=\"elementor-button-text\">HAZ CLICK Y COTIZA NUESTROS SERVICIOS<\/span>\n\t\t\t\t\t<\/span>\n\t\t\t\t\t<\/a>\n\t\t\t\t<\/div>\n\t\t\t\t\t\t\t\t<\/div>\n\t\t\t\t<\/div>\n\t\t\t\t\t<\/div>\n\t\t\t\t<\/div>\n\t\t<div class=\"elementor-element elementor-element-e4355e5 e-flex e-con-boxed e-con e-parent\" data-id=\"e4355e5\" data-element_type=\"container\" data-e-type=\"container\">\n\t\t\t\t\t<div class=\"e-con-inner\">\n\t\t\t\t<div class=\"elementor-element elementor-element-f173eb8 elementor-widget elementor-widget-image\" data-id=\"f173eb8\" data-element_type=\"widget\" data-e-type=\"widget\" data-widget_type=\"image.default\">\n\t\t\t\t<div class=\"elementor-widget-container\">\n\t\t\t\t\t\t\t\t\t\t\t\t\t\t\t<img loading=\"lazy\" decoding=\"async\" width=\"768\" height=\"119\" src=\"https:\/\/huantajayaproducciones.cl\/wp-content\/uploads\/2024\/05\/Logo_letras_sin_icono-09-768x119.png\" class=\"attachment-medium_large size-medium_large wp-image-112\" alt=\"\" srcset=\"https:\/\/huantajayaproducciones.cl\/wp-content\/uploads\/2024\/05\/Logo_letras_sin_icono-09-768x119.png 768w, https:\/\/huantajayaproducciones.cl\/wp-content\/uploads\/2024\/05\/Logo_letras_sin_icono-09-300x46.png 300w, https:\/\/huantajayaproducciones.cl\/wp-content\/uploads\/2024\/05\/Logo_letras_sin_icono-09-1024x158.png 1024w, https:\/\/huantajayaproducciones.cl\/wp-content\/uploads\/2024\/05\/Logo_letras_sin_icono-09-1536x237.png 1536w, https:\/\/huantajayaproducciones.cl\/wp-content\/uploads\/2024\/05\/Logo_letras_sin_icono-09-2048x317.png 2048w, https:\/\/huantajayaproducciones.cl\/wp-content\/uploads\/2024\/05\/elementor\/thumbs\/Logo_letras_sin_icono-09-qoxhchsx7tcjt9eq8olo8id3croc52tgyrv14xiswq.png 257w\" sizes=\"(max-width: 768px) 100vw, 768px\" \/>\t\t\t\t\t\t\t\t\t\t\t\t\t\t\t<\/div>\n\t\t\t\t<\/div>\n\t\t\t\t\t<\/div>\n\t\t\t\t<\/div>\n\t\t\t\t<\/div>\n\t\t","protected":false},"excerpt":{"rendered":"<p>Ya sea que necesites registrar tu evento, o una sesi\u00f3n de fotos de tus productos, nosotros podemos ayudarte. Hacemos sesiones de estudio o en exterior, fotograf\u00eda gastron\u00f3mica y tur\u00edstica, registro de eventos y m\u00e1s. Realizamos tu video en todas sus etapas, desde la idea inicial, el gui\u00f3n, la producci\u00f3n, hasta el rodaje en locaci\u00f3n, y [&hellip;]<\/p>\n","protected":false},"author":1,"featured_media":0,"parent":106,"menu_order":1,"comment_status":"closed","ping_status":"closed","template":"","meta":{"ocean_post_layout":"","ocean_both_sidebars_style":"","ocean_both_sidebars_content_width":0,"ocean_both_sidebars_sidebars_width":0,"ocean_sidebar":"","ocean_second_sidebar":"","ocean_disable_margins":"enable","ocean_add_body_class":"","ocean_shortcode_before_top_bar":"","ocean_shortcode_after_top_bar":"","ocean_shortcode_before_header":"","ocean_shortcode_after_header":"","ocean_has_shortcode":"","ocean_shortcode_after_title":"","ocean_shortcode_before_footer_widgets":"","ocean_shortcode_after_footer_widgets":"","ocean_shortcode_before_footer_bottom":"","ocean_shortcode_after_footer_bottom":"","ocean_display_top_bar":"default","ocean_display_header":"default","ocean_header_style":"","ocean_center_header_left_menu":"","ocean_custom_header_template":"","ocean_custom_logo":0,"ocean_custom_retina_logo":0,"ocean_custom_logo_max_width":0,"ocean_custom_logo_tablet_max_width":0,"ocean_custom_logo_mobile_max_width":0,"ocean_custom_logo_max_height":0,"ocean_custom_logo_tablet_max_height":0,"ocean_custom_logo_mobile_max_height":0,"ocean_header_custom_menu":"","ocean_menu_typo_font_family":"","ocean_menu_typo_font_subset":"","ocean_menu_typo_font_size":0,"ocean_menu_typo_font_size_tablet":0,"ocean_menu_typo_font_size_mobile":0,"ocean_menu_typo_font_size_unit":"px","ocean_menu_typo_font_weight":"","ocean_menu_typo_font_weight_tablet":"","ocean_menu_typo_font_weight_mobile":"","ocean_menu_typo_transform":"","ocean_menu_typo_transform_tablet":"","ocean_menu_typo_transform_mobile":"","ocean_menu_typo_line_height":0,"ocean_menu_typo_line_height_tablet":0,"ocean_menu_typo_line_height_mobile":0,"ocean_menu_typo_line_height_unit":"","ocean_menu_typo_spacing":0,"ocean_menu_typo_spacing_tablet":0,"ocean_menu_typo_spacing_mobile":0,"ocean_menu_typo_spacing_unit":"","ocean_menu_link_color":"","ocean_menu_link_color_hover":"","ocean_menu_link_color_active":"","ocean_menu_link_background":"","ocean_menu_link_hover_background":"","ocean_menu_link_active_background":"","ocean_menu_social_links_bg":"","ocean_menu_social_hover_links_bg":"","ocean_menu_social_links_color":"","ocean_menu_social_hover_links_color":"","ocean_disable_title":"default","ocean_disable_heading":"default","ocean_post_title":"","ocean_post_subheading":"","ocean_post_title_style":"","ocean_post_title_background_color":"","ocean_post_title_background":0,"ocean_post_title_bg_image_position":"","ocean_post_title_bg_image_attachment":"","ocean_post_title_bg_image_repeat":"","ocean_post_title_bg_image_size":"","ocean_post_title_height":0,"ocean_post_title_bg_overlay":0.5,"ocean_post_title_bg_overlay_color":"","ocean_disable_breadcrumbs":"default","ocean_breadcrumbs_color":"","ocean_breadcrumbs_separator_color":"","ocean_breadcrumbs_links_color":"","ocean_breadcrumbs_links_hover_color":"","ocean_display_footer_widgets":"default","ocean_display_footer_bottom":"default","ocean_custom_footer_template":"","footnotes":""},"class_list":["post-2","page","type-page","status-publish","hentry","entry"],"_links":{"self":[{"href":"https:\/\/huantajayaproducciones.cl\/index.php\/wp-json\/wp\/v2\/pages\/2","targetHints":{"allow":["GET"]}}],"collection":[{"href":"https:\/\/huantajayaproducciones.cl\/index.php\/wp-json\/wp\/v2\/pages"}],"about":[{"href":"https:\/\/huantajayaproducciones.cl\/index.php\/wp-json\/wp\/v2\/types\/page"}],"author":[{"embeddable":true,"href":"https:\/\/huantajayaproducciones.cl\/index.php\/wp-json\/wp\/v2\/users\/1"}],"replies":[{"embeddable":true,"href":"https:\/\/huantajayaproducciones.cl\/index.php\/wp-json\/wp\/v2\/comments?post=2"}],"version-history":[{"count":0,"href":"https:\/\/huantajayaproducciones.cl\/index.php\/wp-json\/wp\/v2\/pages\/2\/revisions"}],"up":[{"embeddable":true,"href":"https:\/\/huantajayaproducciones.cl\/index.php\/wp-json\/wp\/v2\/pages\/106"}],"wp:attachment":[{"href":"https:\/\/huantajayaproducciones.cl\/index.php\/wp-json\/wp\/v2\/media?parent=2"}],"curies":[{"name":"wp","href":"https:\/\/api.w.org\/{rel}","templated":true}]}}